{"id":1339,"date":"2022-03-28T09:12:37","date_gmt":"2022-03-28T09:12:37","guid":{"rendered":"http:\/\/mfsv-hermersberg.de\/?page_id=1339"},"modified":"2025-02-18T16:16:52","modified_gmt":"2025-02-18T15:16:52","slug":"impressum","status":"publish","type":"page","link":"http:\/\/mfsv-hermersberg.de\/?page_id=1339","title":{"rendered":"Impressum"},"content":{"rendered":"\n<p><\/p>\n\n\n\n<p class=\"has-medium-font-size\"><strong>Impressum<\/strong><br>Angaben gem\u00e4\u00df \u00a7 5 TMG<\/p>\n\n\n\n<p class=\"has-medium-font-size\"><br><strong>MFSV Hermersberg e.V.<\/strong><br>Schlo\u00dfstra\u00dfe 20<br>67714 Waldfischbach-Burgalben<br>Vereinsregister: VR21288<br>Registergericht: Zweibr\u00fccken<br><\/p>\n\n\n\n<p class=\"has-medium-font-size\">Vertreten durch:<br>Michael Wagner 1. Vorstand<br>Andreas Edrich  2. Vorstand<br><\/p>\n\n\n\n<p class=\"has-medium-font-size\"><strong>Kontakt<\/strong><br>Telefon: 0172 23 78 182<br>E-Mail: <a href=\"mailto:Admin@mfsv-hermersberg.de\">Admin@mfsv-hermersberg.de<\/a><br><\/p>\n\n\n\n<p class=\"has-medium-font-size\"><strong>Redaktionell verantwortlich<\/strong><br>Krause J\u00f6rg<br>Rothenbergstra\u00dfe 7<br>66969 Lemberg<\/p>\n\n\n\n<p class=\"has-medium-font-size\"><br>Verbraucherstreitbeilegung\/Universalschlichtungsstelle<br>Wir sind nicht bereit oder verpflichtet, an Streitbeilegungsverfahren vor einer<br>Verbraucherschlichtungsstelle teilzunehmen.<br>Quelle:<br>https:\/\/www.e-recht24.de\/impressum-generator.html<\/p>\n","protected":false},"excerpt":{"rendered":"<p>ImpressumAngaben gem\u00e4\u00df \u00a7 5 TMG MFSV Hermersberg e.V.Schlo\u00dfstra\u00dfe 2067714 Waldfischbach-BurgalbenVereinsregister: VR21288Registergericht: Zweibr\u00fccken Vertreten durch:Michael Wagner 1. VorstandAndreas Edrich 2. Vorstand<\/p>\n","protected":false},"author":1,"featured_media":0,"parent":0,"menu_order":0,"comment_status":"closed","ping_status":"closed","template":"","meta":{"colormag_page_container_layout":"default_layout","colormag_page_sidebar_layout":"default_layout","sfsi_plus_gutenberg_text_before_share":"","sfsi_plus_gutenberg_show_text_before_share":"","sfsi_plus_gutenberg_icon_type":"","sfsi_plus_gutenberg_icon_alignemt":"","sfsi_plus_gutenburg_max_per_row":"","footnotes":""},"class_list":["post-1339","page","type-page","status-publish","hentry"],"_links":{"self":[{"href":"http:\/\/mfsv-hermersberg.de\/index.php?rest_route=\/wp\/v2\/pages\/1339","targetHints":{"allow":["GET"]}}],"collection":[{"href":"http:\/\/mfsv-hermersberg.de\/index.php?rest_route=\/wp\/v2\/pages"}],"about":[{"href":"http:\/\/mfsv-hermersberg.de\/index.php?rest_route=\/wp\/v2\/types\/page"}],"author":[{"embeddable":true,"href":"http:\/\/mfsv-hermersberg.de\/index.php?rest_route=\/wp\/v2\/users\/1"}],"replies":[{"embeddable":true,"href":"http:\/\/mfsv-hermersberg.de\/index.php?rest_route=%2Fwp%2Fv2%2Fcomments&post=1339"}],"version-history":[{"count":5,"href":"http:\/\/mfsv-hermersberg.de\/index.php?rest_route=\/wp\/v2\/pages\/1339\/revisions"}],"predecessor-version":[{"id":2444,"href":"http:\/\/mfsv-hermersberg.de\/index.php?rest_route=\/wp\/v2\/pages\/1339\/revisions\/2444"}],"wp:attachment":[{"href":"http:\/\/mfsv-hermersberg.de\/index.php?rest_route=%2Fwp%2Fv2%2Fmedia&parent=1339"}],"curies":[{"name":"wp","href":"https:\/\/api.w.org\/{rel}","templated":true}]}}